{"id":57271,"date":"2021-10-27T11:49:05","date_gmt":"2021-10-27T15:49:05","guid":{"rendered":"https:\/\/www.cic-totalcare.com\/pagina-inicial-2021\/"},"modified":"2024-09-05T13:45:15","modified_gmt":"2024-09-05T17:45:15","slug":"pagina-inicial-2021-2","status":"publish","type":"page","link":"https:\/\/www5.cic-totalcare.com\/es\/","title":{"rendered":"P\u00e1gina de inicio 2021"},"content":{"rendered":"","protected":false},"excerpt":{"rendered":"[vc_row type=\"full_width_content\" full_screen_row_position=\"middle\" column_margin=\"default\" column_direction=\"default\" column_direction_tablet=\"default\" column_direction_phone=\"default\" scene_position=\"center\" text_color=\"dark\" text_align=\"left\" row_border_radius=\"none\" row_border_radius_applies=\"bg\" overflow=\"visible\" class=\"o__home-slider-wrapper\" overlay_strength=\"0.3\" gradient_direction=\"left_to_right\" shape_divider_position=\"bottom\" bg_image_animation=\"none\" shape_type=\"\"][vc_column column_padding=\"no-extra-padding\" column_padding_tablet=\"inherit\" column_padding_phone=\"inherit\" column_padding_position=\"all\" column_element_direction_desktop=\"default\" column_element_spacing=\"default\" desktop_text_alignment=\"default\" tablet_text_alignment=\"default\" phone_text_alignment=\"default\" background_color_opacity=\"1\" background_hover_color_opacity=\"1\" column_backdrop_filter=\"none\" column_shadow=\"none\" column_border_radius=\"none\" column_link_target=\"_self\" column_position=\"default\" gradient_direction=\"left_to_right\" overlay_strength=\"0.3\" width=\"1\/1\" tablet_width_inherit=\"default\" animation_type=\"default\" bg_image_animation=\"none\" border_type=\"simple\" column_border_width=\"none\" column_border_style=\"solid\"] &nbsp; Total Care Education System\u00ae Aprendizaje hol\u00edstico M\u00e1s all\u00e1 del aula &nbsp; Residencias modernas y confortables...","protected":false},"author":4,"featured_media":0,"parent":0,"menu_order":0,"comment_status":"closed","ping_status":"closed","template":"","meta":{"footnotes":""},"_links":{"self":[{"href":"https:\/\/www5.cic-totalcare.com\/es\/wp-json\/wp\/v2\/pages\/57271"}],"collection":[{"href":"https:\/\/www5.cic-totalcare.com\/es\/wp-json\/wp\/v2\/pages"}],"about":[{"href":"https:\/\/www5.cic-totalcare.com\/es\/wp-json\/wp\/v2\/types\/page"}],"author":[{"embeddable":true,"href":"https:\/\/www5.cic-totalcare.com\/es\/wp-json\/wp\/v2\/users\/4"}],"replies":[{"embeddable":true,"href":"https:\/\/www5.cic-totalcare.com\/es\/wp-json\/wp\/v2\/comments?post=57271"}],"version-history":[{"count":61,"href":"https:\/\/www5.cic-totalcare.com\/es\/wp-json\/wp\/v2\/pages\/57271\/revisions"}],"predecessor-version":[{"id":142098,"href":"https:\/\/www5.cic-totalcare.com\/es\/wp-json\/wp\/v2\/pages\/57271\/revisions\/142098"}],"wp:attachment":[{"href":"https:\/\/www5.cic-totalcare.com\/es\/wp-json\/wp\/v2\/media?parent=57271"}],"curies":[{"name":"wp","href":"https:\/\/api.w.org\/{rel}","templated":true}]}}