{"id":132945,"date":"2024-06-11T11:55:03","date_gmt":"2024-06-11T15:55:03","guid":{"rendered":"https:\/\/www.cic-totalcare.com\/loi-the-cua-ontario\/"},"modified":"2024-06-12T15:21:35","modified_gmt":"2024-06-12T19:21:35","slug":"the-ontario-advantage","status":"publish","type":"page","link":"https:\/\/www5.cic-totalcare.com\/vi\/the-ontario-advantage\/","title":{"rendered":"L\u1ee3i th\u1ebf c\u1ee7a Ontario"},"content":{"rendered":"","protected":false},"excerpt":{"rendered":"[vc_row type=\"full_width_background\" bg_position=\"left top\" bg_repeat=\"no-repeat\" scene_position=\"center\" text_color=\"dark\" text_align=\"left\" top_padding=\"50\" bottom_padding=\"50\"][vc_column width=\"1\/1\" enable_animation=\"true\" animation=\"fade-in-from-left\" delay=\"2s\" column_padding=\"no-extra-padding\" background_color_opacity=\"1\" centered_text=\"true\" el_class=\"largerText\"][vc_column_text]Ontario l\u00e0 m\u1ed9t n\u01a1i tuy\u1ec7t v\u1eddi \u0111\u1ec3 h\u1ecdc t\u1eadp, sinh s\u1ed1ng v\u00e0 l\u00e0m vi\u1ec7c. V\u1edbi g\u1ea7n 40% d\u00e2n s\u1ed1 c\u1ea3 n\u01b0\u1edbc s\u1ed1ng \u1edf t\u1ec9nh bang n\u00e0y, Ontario l\u00e0 c\u00e1i n\u00f4i c\u1ee7a m\u1ed9t s\u1ed1 tr\u01b0\u1eddng \u0111\u1ea1i h\u1ecdc v\u00e0 cao \u0111\u1eb3ng h\u00e0ng \u0111\u1ea7u Canada. H\u01a1n...","protected":false},"author":1,"featured_media":0,"parent":0,"menu_order":14,"comment_status":"open","ping_status":"open","template":"","meta":{"footnotes":""},"_links":{"self":[{"href":"https:\/\/www5.cic-totalcare.com\/vi\/wp-json\/wp\/v2\/pages\/132945"}],"collection":[{"href":"https:\/\/www5.cic-totalcare.com\/vi\/wp-json\/wp\/v2\/pages"}],"about":[{"href":"https:\/\/www5.cic-totalcare.com\/vi\/wp-json\/wp\/v2\/types\/page"}],"author":[{"embeddable":true,"href":"https:\/\/www5.cic-totalcare.com\/vi\/wp-json\/wp\/v2\/users\/1"}],"replies":[{"embeddable":true,"href":"https:\/\/www5.cic-totalcare.com\/vi\/wp-json\/wp\/v2\/comments?post=132945"}],"version-history":[{"count":12,"href":"https:\/\/www5.cic-totalcare.com\/vi\/wp-json\/wp\/v2\/pages\/132945\/revisions"}],"predecessor-version":[{"id":133093,"href":"https:\/\/www5.cic-totalcare.com\/vi\/wp-json\/wp\/v2\/pages\/132945\/revisions\/133093"}],"wp:attachment":[{"href":"https:\/\/www5.cic-totalcare.com\/vi\/wp-json\/wp\/v2\/media?parent=132945"}],"curies":[{"name":"wp","href":"https:\/\/api.w.org\/{rel}","templated":true}]}}