{"id":133186,"date":"2024-06-14T07:00:29","date_gmt":"2024-06-14T11:00:29","guid":{"rendered":"https:\/\/www.cic-totalcare.com\/tam-nhin-su-menh\/"},"modified":"2024-06-14T13:56:05","modified_gmt":"2024-06-14T17:56:05","slug":"vision-and-mission","status":"publish","type":"page","link":"https:\/\/www5.cic-totalcare.com\/vi\/vision-and-mission\/","title":{"rendered":"T\u1ea7m Nh\u00ecn &amp; S\u1ee9 M\u1ec7nh"},"content":{"rendered":"","protected":false},"excerpt":{"rendered":"[vc_row type=\"full_width_background\" full_screen_row_position=\"middle\" bg_color=\"#ffffff\" scene_position=\"center\" text_color=\"dark\" text_align=\"center\" top_padding=\"15\" bottom_padding=\"50\" class=\"cbg\" overlay_strength=\"0.3\"][vc_column enable_animation=\"true\" animation=\"fade-in-from-left\" column_padding=\"no-extra-padding\" column_padding_position=\"all\" background_color_opacity=\"1\" background_hover_color_opacity=\"1\" column_shadow=\"none\" width=\"1\/1\" tablet_text_alignment=\"default\" phone_text_alignment=\"default\" column_border_width=\"none\" column_border_style=\"solid\" delay=\"2s\"][vc_column_text] T\u1ea7m nh\u00ecn c\u1ee7a nh\u00e0 tr\u01b0\u1eddng [\/vc_column_text][vc_column_text] Tr\u1edf th\u00e0nh ng\u00f4i tr\u01b0\u1eddng quan t\u00e2m chu \u0111\u00e1o nh\u1ea5t th\u1ebf gi\u1edbi. [\/vc_column_text][\/vc_column][\/vc_row][vc_row type=\"full_width_background\" full_screen_row_position=\"middle\" bg_color=\"#676767\" scene_position=\"center\" text_color=\"light\" text_align=\"center\" top_padding=\"100\" bottom_padding=\"100\" overlay_strength=\"0.3\"][vc_column enable_animation=\"true\" animation=\"fade-in-from-left\" column_padding=\"no-extra-padding\" column_padding_position=\"all\" background_color_opacity=\"1\" background_hover_color_opacity=\"1\" column_shadow=\"none\" width=\"1\/1\" tablet_text_alignment=\"default\"...","protected":false},"author":1,"featured_media":0,"parent":0,"menu_order":11,"comment_status":"open","ping_status":"open","template":"","meta":{"footnotes":""},"_links":{"self":[{"href":"https:\/\/www5.cic-totalcare.com\/vi\/wp-json\/wp\/v2\/pages\/133186"}],"collection":[{"href":"https:\/\/www5.cic-totalcare.com\/vi\/wp-json\/wp\/v2\/pages"}],"about":[{"href":"https:\/\/www5.cic-totalcare.com\/vi\/wp-json\/wp\/v2\/types\/page"}],"author":[{"embeddable":true,"href":"https:\/\/www5.cic-totalcare.com\/vi\/wp-json\/wp\/v2\/users\/1"}],"replies":[{"embeddable":true,"href":"https:\/\/www5.cic-totalcare.com\/vi\/wp-json\/wp\/v2\/comments?post=133186"}],"version-history":[{"count":6,"href":"https:\/\/www5.cic-totalcare.com\/vi\/wp-json\/wp\/v2\/pages\/133186\/revisions"}],"predecessor-version":[{"id":133206,"href":"https:\/\/www5.cic-totalcare.com\/vi\/wp-json\/wp\/v2\/pages\/133186\/revisions\/133206"}],"wp:attachment":[{"href":"https:\/\/www5.cic-totalcare.com\/vi\/wp-json\/wp\/v2\/media?parent=133186"}],"curies":[{"name":"wp","href":"https:\/\/api.w.org\/{rel}","templated":true}]}}