{"id":15082,"date":"2019-11-18T19:55:05","date_gmt":"2019-11-18T19:55:05","guid":{"rendered":"https:\/\/www.cic-totalcare.com\/huan-luyen-ki-nang-lanh-dao\/"},"modified":"2019-12-03T21:15:53","modified_gmt":"2019-12-03T21:15:53","slug":"leadership-training","status":"publish","type":"page","link":"https:\/\/www5.cic-totalcare.com\/vi\/total-care-education\/total-care-development\/leadership-training\/","title":{"rendered":"Hu\u1ea5n luy\u1ec7n k\u0129 n\u0103ng l\u00e3nh \u0111\u1ea1o"},"content":{"rendered":"","protected":false},"excerpt":{"rendered":"[vc_row type=\"in_container\" full_screen_row_position=\"middle\" scene_position=\"center\" text_color=\"dark\" text_align=\"left\" overlay_strength=\"0.3\"][vc_column column_padding=\"no-extra-padding\" column_padding_position=\"all\" background_color_opacity=\"1\" background_hover_color_opacity=\"1\" column_shadow=\"none\" width=\"1\/1\" tablet_text_alignment=\"default\" phone_text_alignment=\"default\" column_border_width=\"none\" column_border_style=\"solid\"] [vc_column_text] Hu\u1ea5n luy\u1ec7n k\u0129 n\u0103ng l\u00e3nh \u0111\u1ea1o [\/vc_column_text][\/vc_column][\/vc_row][vc_row type=\"full_width_background\" full_screen_row_position=\"middle\" scene_position=\"center\" text_color=\"dark\" text_align=\"left\" top_padding=\"50\" bottom_padding=\"50\" overlay_strength=\"0.3\"][vc_column enable_animation=\"true\" animation=\"fade-in-from-left\" column_padding=\"no-extra-padding\" column_padding_position=\"all\" background_color_opacity=\"1\" background_hover_color_opacity=\"1\" column_shadow=\"none\" width=\"1\/2\" tablet_text_alignment=\"default\" phone_text_alignment=\"default\" column_border_width=\"none\" column_border_style=\"solid\" delay=\"2s\"][vc_column_text] K\u0129 n\u0103ng l\u00e3nh \u0111\u1ea1o cho h\u1ecdc sinh \u0110\u1ed9i ng\u0169 nh\u00e2n vi\u00ean gi\u00e0u kinh nghi\u1ec7m...","protected":false},"author":1,"featured_media":0,"parent":15508,"menu_order":42,"comment_status":"open","ping_status":"open","template":"","meta":{"footnotes":""},"_links":{"self":[{"href":"https:\/\/www5.cic-totalcare.com\/vi\/wp-json\/wp\/v2\/pages\/15082"}],"collection":[{"href":"https:\/\/www5.cic-totalcare.com\/vi\/wp-json\/wp\/v2\/pages"}],"about":[{"href":"https:\/\/www5.cic-totalcare.com\/vi\/wp-json\/wp\/v2\/types\/page"}],"author":[{"embeddable":true,"href":"https:\/\/www5.cic-totalcare.com\/vi\/wp-json\/wp\/v2\/users\/1"}],"replies":[{"embeddable":true,"href":"https:\/\/www5.cic-totalcare.com\/vi\/wp-json\/wp\/v2\/comments?post=15082"}],"version-history":[{"count":32,"href":"https:\/\/www5.cic-totalcare.com\/vi\/wp-json\/wp\/v2\/pages\/15082\/revisions"}],"predecessor-version":[{"id":16308,"href":"https:\/\/www5.cic-totalcare.com\/vi\/wp-json\/wp\/v2\/pages\/15082\/revisions\/16308"}],"up":[{"embeddable":true,"href":"https:\/\/www5.cic-totalcare.com\/vi\/wp-json\/wp\/v2\/pages\/15508"}],"wp:attachment":[{"href":"https:\/\/www5.cic-totalcare.com\/vi\/wp-json\/wp\/v2\/media?parent=15082"}],"curies":[{"name":"wp","href":"https:\/\/api.w.org\/{rel}","templated":true}]}}