{"id":15275,"date":"2019-11-20T20:28:12","date_gmt":"2019-11-20T20:28:12","guid":{"rendered":"https:\/\/www.cic-totalcare.com\/cac-chuong-trinh-hoc\/"},"modified":"2024-06-14T11:26:59","modified_gmt":"2024-06-14T15:26:59","slug":"programs-2","status":"publish","type":"page","link":"https:\/\/www5.cic-totalcare.com\/vi\/programs-2\/","title":{"rendered":"Ch\u01b0\u01a1ng Tr\u00ecnh H\u1ecdc"},"content":{"rendered":"","protected":false},"excerpt":{"rendered":"[vc_row type=\"in_container\" full_screen_row_position=\"middle\" column_margin=\"default\" scene_position=\"center\" text_color=\"dark\" text_align=\"left\" overlay_strength=\"0.3\" shape_divider_position=\"bottom\" bg_image_animation=\"none\"][vc_column column_padding=\"no-extra-padding\" column_padding_position=\"all\" background_color_opacity=\"1\" background_hover_color_opacity=\"1\" column_link_target=\"_self\" column_shadow=\"none\" column_border_radius=\"none\" width=\"1\/1\" tablet_width_inherit=\"default\" tablet_text_alignment=\"default\" phone_text_alignment=\"default\" overlay_strength=\"0.3\" column_border_width=\"none\" column_border_style=\"solid\" bg_image_animation=\"none\"][vc_column_text]C\u00e1c ch\u01b0\u01a1ng tr\u00ecnh h\u1ecdc t\u1ea1i Tr\u01b0\u1eddng Trung H\u1ecdc Qu\u1ed1c T\u1ebf Columbia \u0111\u1ec1u \u0111\u01b0\u1ee3c thi\u1ebft k\u1ebf nh\u1eb1m m\u1ed9t m\u1ee5c \u0111\u00edch: gi\u00fap con b\u1ea1n ph\u00e1t huy h\u1ebft ti\u1ec1m n\u0103ng c\u1ee7a m\u00ecnh, trong m\u1ed9t m\u00f4i tr\u01b0\u1eddng an to\u00e0n, chu...","protected":false},"author":22,"featured_media":0,"parent":0,"menu_order":0,"comment_status":"closed","ping_status":"closed","template":"","meta":{"footnotes":""},"_links":{"self":[{"href":"https:\/\/www5.cic-totalcare.com\/vi\/wp-json\/wp\/v2\/pages\/15275"}],"collection":[{"href":"https:\/\/www5.cic-totalcare.com\/vi\/wp-json\/wp\/v2\/pages"}],"about":[{"href":"https:\/\/www5.cic-totalcare.com\/vi\/wp-json\/wp\/v2\/types\/page"}],"author":[{"embeddable":true,"href":"https:\/\/www5.cic-totalcare.com\/vi\/wp-json\/wp\/v2\/users\/22"}],"replies":[{"embeddable":true,"href":"https:\/\/www5.cic-totalcare.com\/vi\/wp-json\/wp\/v2\/comments?post=15275"}],"version-history":[{"count":35,"href":"https:\/\/www5.cic-totalcare.com\/vi\/wp-json\/wp\/v2\/pages\/15275\/revisions"}],"predecessor-version":[{"id":133203,"href":"https:\/\/www5.cic-totalcare.com\/vi\/wp-json\/wp\/v2\/pages\/15275\/revisions\/133203"}],"wp:attachment":[{"href":"https:\/\/www5.cic-totalcare.com\/vi\/wp-json\/wp\/v2\/media?parent=15275"}],"curies":[{"name":"wp","href":"https:\/\/api.w.org\/{rel}","templated":true}]}}