{"id":15287,"date":"2019-11-20T21:43:34","date_gmt":"2019-11-20T21:43:34","guid":{"rendered":"https:\/\/www.cic-totalcare.com\/programs\/lo-trinh-elite-uu-tu-ket-hop-voi-dai-hoc-toronto\/"},"modified":"2026-03-24T10:47:12","modified_gmt":"2026-03-24T14:47:12","slug":"elite-pathway","status":"publish","type":"page","link":"https:\/\/www5.cic-totalcare.com\/vi\/programs-2\/elite-pathway\/","title":{"rendered":"Ch\u01b0\u01a1ng Tr\u00ecnh L\u1ed9 Tr\u00ecnh Tinh Hoa C\u00f9ng \u0110\u1ea1i H\u1ecdc Toronto"},"content":{"rendered":"","protected":false},"excerpt":{"rendered":"[vc_row type=\"in_container\" full_screen_row_position=\"middle\" column_margin=\"default\" equal_height=\"yes\" column_direction=\"default\" column_direction_tablet=\"default\" column_direction_phone=\"default\" scene_position=\"center\" bottom_padding=\"50\" text_color=\"dark\" text_align=\"left\" row_border_radius=\"none\" row_border_radius_applies=\"bg\" overflow=\"visible\" class=\"epp-row\" overlay_strength=\"0.3\" gradient_direction=\"left_to_right\" shape_divider_position=\"bottom\" bg_image_animation=\"none\" shape_type=\"\"][vc_column column_padding=\"no-extra-padding\" column_padding_tablet=\"inherit\" column_padding_phone=\"inherit\" column_padding_position=\"all\" bottom_margin=\"50\" column_element_direction_desktop=\"default\" column_element_spacing=\"default\" desktop_text_alignment=\"default\" tablet_text_alignment=\"default\" phone_text_alignment=\"default\" background_color_opacity=\"1\" background_hover_color_opacity=\"1\" column_backdrop_filter=\"none\" column_shadow=\"none\" column_border_radius=\"none\" column_link_target=\"_self\" column_position=\"default\" gradient_direction=\"left_to_right\" overlay_strength=\"0.3\" width=\"2\/3\" tablet_width_inherit=\"default\" animation_type=\"default\" bg_image_animation=\"none\" border_type=\"simple\" column_border_width=\"none\" column_border_style=\"solid\"][vc_column_text] Nh\u1eefng h\u1ecdc sinh th\u1ec3 hi\u1ec7n th\u00e0nh t\u00edch xu\u1ea5t s\u1eafc nh\u1ea5t s\u1ebd \u0111\u1ee7 \u0111i\u1ec1u...","protected":false},"author":22,"featured_media":0,"parent":15275,"menu_order":0,"comment_status":"closed","ping_status":"closed","template":"","meta":{"footnotes":""},"_links":{"self":[{"href":"https:\/\/www5.cic-totalcare.com\/vi\/wp-json\/wp\/v2\/pages\/15287"}],"collection":[{"href":"https:\/\/www5.cic-totalcare.com\/vi\/wp-json\/wp\/v2\/pages"}],"about":[{"href":"https:\/\/www5.cic-totalcare.com\/vi\/wp-json\/wp\/v2\/types\/page"}],"author":[{"embeddable":true,"href":"https:\/\/www5.cic-totalcare.com\/vi\/wp-json\/wp\/v2\/users\/22"}],"replies":[{"embeddable":true,"href":"https:\/\/www5.cic-totalcare.com\/vi\/wp-json\/wp\/v2\/comments?post=15287"}],"version-history":[{"count":46,"href":"https:\/\/www5.cic-totalcare.com\/vi\/wp-json\/wp\/v2\/pages\/15287\/revisions"}],"predecessor-version":[{"id":157977,"href":"https:\/\/www5.cic-totalcare.com\/vi\/wp-json\/wp\/v2\/pages\/15287\/revisions\/157977"}],"up":[{"embeddable":true,"href":"https:\/\/www5.cic-totalcare.com\/vi\/wp-json\/wp\/v2\/pages\/15275"}],"wp:attachment":[{"href":"https:\/\/www5.cic-totalcare.com\/vi\/wp-json\/wp\/v2\/media?parent=15287"}],"curies":[{"name":"wp","href":"https:\/\/api.w.org\/{rel}","templated":true}]}}