{"id":15400,"date":"2019-11-22T22:04:00","date_gmt":"2019-11-22T22:04:00","guid":{"rendered":"https:\/\/www.cic-totalcare.com\/total-care-education\/cham-soc-toan-dien-cuoc-song\/"},"modified":"2024-05-24T11:52:28","modified_gmt":"2024-05-24T15:52:28","slug":"total-care-living","status":"publish","type":"page","link":"https:\/\/www5.cic-totalcare.com\/vi\/total-care-education\/total-care-living\/","title":{"rendered":"Ch\u0103m S\u00f3c To\u00e0n Di\u1ec7n Cu\u1ed9c S\u1ed1ng\u00ae"},"content":{"rendered":"","protected":false},"excerpt":{"rendered":"[vc_row type=\"full_width_background\" full_screen_row_position=\"middle\" column_margin=\"default\" column_direction=\"default\" column_direction_tablet=\"default\" column_direction_phone=\"default\" scene_position=\"center\" top_padding=\"100\" bottom_padding=\"50\" text_color=\"dark\" text_align=\"left\" row_border_radius=\"none\" row_border_radius_applies=\"bg\" overlay_strength=\"0.3\" gradient_direction=\"left_to_right\" shape_divider_position=\"bottom\" bg_image_animation=\"none\"][vc_column column_padding=\"no-extra-padding\" column_padding_tablet=\"inherit\" column_padding_phone=\"inherit\" column_padding_position=\"all\" column_element_spacing=\"default\" background_color_opacity=\"1\" background_hover_color_opacity=\"1\" column_shadow=\"none\" column_border_radius=\"none\" column_link_target=\"_self\" gradient_direction=\"left_to_right\" overlay_strength=\"0.3\" width=\"1\/2\" tablet_width_inherit=\"default\" tablet_text_alignment=\"default\" phone_text_alignment=\"default\" bg_image_animation=\"none\" enable_animation=\"true\" animation=\"fade-in-from-left\" border_type=\"simple\" column_border_width=\"none\" column_border_style=\"solid\" delay=\"2s\"][vc_custom_heading text=\"Tho\u1ea3i M\u00e1i Nh\u01b0 \u1ede Nh\u00e0\" font_container=\"tag:h2|font_size:42|text_align:left|line_height:50px\" use_theme_fonts=\"yes\" css=\".vc_custom_1518443418783{margin-bottom: 30px !important;}\" el_class=\"custom-h2\"][vc_column_text]Khi cha m\u1eb9 g\u1eedi con \u0111i du h\u1ecdc, h\u1ecd...","protected":false},"author":1,"featured_media":0,"parent":15243,"menu_order":7,"comment_status":"open","ping_status":"open","template":"","meta":{"footnotes":""},"_links":{"self":[{"href":"https:\/\/www5.cic-totalcare.com\/vi\/wp-json\/wp\/v2\/pages\/15400"}],"collection":[{"href":"https:\/\/www5.cic-totalcare.com\/vi\/wp-json\/wp\/v2\/pages"}],"about":[{"href":"https:\/\/www5.cic-totalcare.com\/vi\/wp-json\/wp\/v2\/types\/page"}],"author":[{"embeddable":true,"href":"https:\/\/www5.cic-totalcare.com\/vi\/wp-json\/wp\/v2\/users\/1"}],"replies":[{"embeddable":true,"href":"https:\/\/www5.cic-totalcare.com\/vi\/wp-json\/wp\/v2\/comments?post=15400"}],"version-history":[{"count":44,"href":"https:\/\/www5.cic-totalcare.com\/vi\/wp-json\/wp\/v2\/pages\/15400\/revisions"}],"predecessor-version":[{"id":132328,"href":"https:\/\/www5.cic-totalcare.com\/vi\/wp-json\/wp\/v2\/pages\/15400\/revisions\/132328"}],"up":[{"embeddable":true,"href":"https:\/\/www5.cic-totalcare.com\/vi\/wp-json\/wp\/v2\/pages\/15243"}],"wp:attachment":[{"href":"https:\/\/www5.cic-totalcare.com\/vi\/wp-json\/wp\/v2\/media?parent=15400"}],"curies":[{"name":"wp","href":"https:\/\/api.w.org\/{rel}","templated":true}]}}