{"id":15508,"date":"2019-11-26T19:08:59","date_gmt":"2019-11-26T19:08:59","guid":{"rendered":"https:\/\/www.cic-totalcare.com\/total-care-education\/cham-soc-toan-dien-phat-trien\/"},"modified":"2019-12-03T21:10:01","modified_gmt":"2019-12-03T21:10:01","slug":"total-care-development","status":"publish","type":"page","link":"https:\/\/www5.cic-totalcare.com\/vi\/total-care-education\/total-care-development\/","title":{"rendered":"Ch\u0103m s\u00f3c to\u00e0n di\u1ec7n Ph\u00e1t tri\u1ec3n"},"content":{"rendered":"","protected":false},"excerpt":{"rendered":"[vc_row type=\"in_container\" full_screen_row_position=\"middle\" scene_position=\"center\" text_color=\"dark\" text_align=\"center\" overlay_strength=\"0.3\"][vc_column column_padding=\"no-extra-padding\" column_padding_position=\"all\" background_color_opacity=\"1\" background_hover_color_opacity=\"1\" column_shadow=\"none\" width=\"1\/1\" tablet_text_alignment=\"default\" phone_text_alignment=\"default\" column_border_width=\"none\" column_border_style=\"solid\"] [\/vc_column][\/vc_row][vc_row type=\"full_width_background\" full_screen_row_position=\"middle\" scene_position=\"center\" text_color=\"dark\" text_align=\"left\" top_padding=\"100\" bottom_padding=\"50\" overlay_strength=\"0.3\"][vc_column enable_animation=\"true\" animation=\"fade-in-from-left\" column_padding=\"no-extra-padding\" column_padding_position=\"all\" background_color_opacity=\"1\" background_hover_color_opacity=\"1\" column_shadow=\"none\" width=\"1\/2\" tablet_text_alignment=\"default\" phone_text_alignment=\"default\" column_border_width=\"none\" column_border_style=\"solid\" delay=\"2s\"][vc_custom_heading text=\"V\u01b0\u1ee3t xa ngo\u00e0i l\u1edbp h\u1ecdc\" font_container=\"tag:h2|font_size:42|text_align:left\" use_theme_fonts=\"yes\" el_class=\"custom-h2\" css=\".vc_custom_1518149917878{margin-bottom: 30px !important;}\"][vc_column_text]H\u1ecdc sinh qu\u1ed1c t\u1ebf \u1edf xa nh\u00e0 v\u00e0 xa cha m\u1eb9...","protected":false},"author":1,"featured_media":0,"parent":15243,"menu_order":8,"comment_status":"open","ping_status":"open","template":"","meta":{"footnotes":""},"_links":{"self":[{"href":"https:\/\/www5.cic-totalcare.com\/vi\/wp-json\/wp\/v2\/pages\/15508"}],"collection":[{"href":"https:\/\/www5.cic-totalcare.com\/vi\/wp-json\/wp\/v2\/pages"}],"about":[{"href":"https:\/\/www5.cic-totalcare.com\/vi\/wp-json\/wp\/v2\/types\/page"}],"author":[{"embeddable":true,"href":"https:\/\/www5.cic-totalcare.com\/vi\/wp-json\/wp\/v2\/users\/1"}],"replies":[{"embeddable":true,"href":"https:\/\/www5.cic-totalcare.com\/vi\/wp-json\/wp\/v2\/comments?post=15508"}],"version-history":[{"count":37,"href":"https:\/\/www5.cic-totalcare.com\/vi\/wp-json\/wp\/v2\/pages\/15508\/revisions"}],"predecessor-version":[{"id":16297,"href":"https:\/\/www5.cic-totalcare.com\/vi\/wp-json\/wp\/v2\/pages\/15508\/revisions\/16297"}],"up":[{"embeddable":true,"href":"https:\/\/www5.cic-totalcare.com\/vi\/wp-json\/wp\/v2\/pages\/15243"}],"wp:attachment":[{"href":"https:\/\/www5.cic-totalcare.com\/vi\/wp-json\/wp\/v2\/media?parent=15508"}],"curies":[{"name":"wp","href":"https:\/\/api.w.org\/{rel}","templated":true}]}}