{"id":15541,"date":"2019-11-26T19:44:33","date_gmt":"2019-11-26T19:44:33","guid":{"rendered":"https:\/\/www.cic-totalcare.com\/programs\/chuong-trinh-luyen-ky-nang-tieng-anh\/"},"modified":"2024-06-17T13:47:18","modified_gmt":"2024-06-17T17:47:18","slug":"english-testing","status":"publish","type":"page","link":"https:\/\/www5.cic-totalcare.com\/vi\/programs-2\/english-testing\/","title":{"rendered":"Ch\u01b0\u01a1ng Tr\u00ecnh Tr\u00ecnh \u0110\u1ed9 Ti\u1ebfng Anh"},"content":{"rendered":"","protected":false},"excerpt":{"rendered":"[vc_row type=\"in_container\" full_screen_row_position=\"middle\" column_margin=\"default\" column_direction=\"default\" column_direction_tablet=\"default\" column_direction_phone=\"default\" scene_position=\"center\" text_color=\"dark\" text_align=\"left\" row_border_radius=\"none\" row_border_radius_applies=\"bg\" overlay_strength=\"0.3\" gradient_direction=\"left_to_right\" shape_divider_position=\"bottom\" bg_image_animation=\"none\"][vc_column column_padding=\"no-extra-padding\" column_padding_tablet=\"inherit\" column_padding_phone=\"inherit\" column_padding_position=\"all\" column_element_spacing=\"default\" background_color_opacity=\"1\" background_hover_color_opacity=\"1\" column_shadow=\"none\" column_border_radius=\"none\" column_link_target=\"_self\" gradient_direction=\"left_to_right\" overlay_strength=\"0.3\" width=\"1\/2\" tablet_width_inherit=\"default\" tablet_text_alignment=\"default\" phone_text_alignment=\"default\" bg_image_animation=\"none\" border_type=\"simple\" column_border_width=\"none\" column_border_style=\"solid\"][image_with_animation image_url=\"11099\" animation=\"Fade In\" hover_animation=\"none\" alignment=\"\" border_radius=\"none\" box_shadow=\"none\" image_loading=\"default\" max_width=\"100%\" max_width_mobile=\"default\" el_class=\"asep-image\"][\/vc_column][vc_column column_padding=\"no-extra-padding\" column_padding_tablet=\"inherit\" column_padding_phone=\"inherit\" column_padding_position=\"all\" column_element_spacing=\"default\" background_color_opacity=\"1\" background_hover_color_opacity=\"1\" column_shadow=\"none\" column_border_radius=\"none\" column_link_target=\"_self\" gradient_direction=\"left_to_right\" overlay_strength=\"0.3\" width=\"1\/2\"...","protected":false},"author":22,"featured_media":0,"parent":15275,"menu_order":0,"comment_status":"closed","ping_status":"closed","template":"","meta":{"footnotes":""},"_links":{"self":[{"href":"https:\/\/www5.cic-totalcare.com\/vi\/wp-json\/wp\/v2\/pages\/15541"}],"collection":[{"href":"https:\/\/www5.cic-totalcare.com\/vi\/wp-json\/wp\/v2\/pages"}],"about":[{"href":"https:\/\/www5.cic-totalcare.com\/vi\/wp-json\/wp\/v2\/types\/page"}],"author":[{"embeddable":true,"href":"https:\/\/www5.cic-totalcare.com\/vi\/wp-json\/wp\/v2\/users\/22"}],"replies":[{"embeddable":true,"href":"https:\/\/www5.cic-totalcare.com\/vi\/wp-json\/wp\/v2\/comments?post=15541"}],"version-history":[{"count":26,"href":"https:\/\/www5.cic-totalcare.com\/vi\/wp-json\/wp\/v2\/pages\/15541\/revisions"}],"predecessor-version":[{"id":133334,"href":"https:\/\/www5.cic-totalcare.com\/vi\/wp-json\/wp\/v2\/pages\/15541\/revisions\/133334"}],"up":[{"embeddable":true,"href":"https:\/\/www5.cic-totalcare.com\/vi\/wp-json\/wp\/v2\/pages\/15275"}],"wp:attachment":[{"href":"https:\/\/www5.cic-totalcare.com\/vi\/wp-json\/wp\/v2\/media?parent=15541"}],"curies":[{"name":"wp","href":"https:\/\/api.w.org\/{rel}","templated":true}]}}